{"id":61,"date":"2022-08-01T04:38:49","date_gmt":"2022-08-01T03:38:49","guid":{"rendered":"https:\/\/structure.thememove.com\/?page_id=61"},"modified":"2024-12-10T11:08:28","modified_gmt":"2024-12-10T10:08:28","slug":"presentation","status":"publish","type":"page","link":"https:\/\/www.uniplatre.com\/fr\/presentation\/","title":{"rendered":"QUI SOMMES NOUS"},"content":{"rendered":"<div  class=\"vc_row wpb_row  vc_custom_1433564201242  \" style=\"\"><div class=\" boxed\"><div class=\"container\"><div class=\"vc_row\"><div class=\"wpb_column vc_column_container col-sm-3 vc_col-sm-3 col-lg-3 vc_col-lg-3\"><div class=\"vc_column-inner\"><div class=\"wpb_wrapper\">\n\t<div class=\"wpb_text_column wpb_content_element \" >\n\t\t<div class=\"wpb_wrapper\">\n\t\t\t<div  class=\"wpb_widgetised_column wpb_content_element\">\n\t\t<div class=\"wpb_wrapper\">\n\t\t\t\n\t\t\t<aside id=\"better-menu-widget-4\" class=\"widget better-menu-widget\"><div class=\"menu-about-menu-container\"><ul id=\"menu-about-menu\" class=\"menu\"><li id=\"menu-item-75405\" class=\"menu-item menu-item-type-post_type menu-item-object-page menu-item-75405\"><a href=\"https:\/\/www.uniplatre.com\/fr\/presentation\/\">QUI SOMMES NOUS<\/a><\/li>\n<li id=\"menu-item-75844\" class=\"menu-item menu-item-type-custom menu-item-object-custom menu-item-75844\"><a href=\"#pre\">PRESENTATION<\/a><\/li>\n<li id=\"menu-item-76038\" class=\"menu-item menu-item-type-custom menu-item-object-custom menu-item-76038\"><a href=\"#sav\">Savoir faire<\/a><\/li>\n<\/ul><\/div><\/aside>\n\t\t<\/div>\n\t<\/div>\n\n\n\t\t<\/div>\n\t<\/div>\n<div class=\"vc_custom_heading\" ><h2 style=\"text-align: left\" ><\/h2><\/div><div class=\"vc_custom_heading\" ><h2 style=\"text-align: left\" ><\/h2><\/div><div class=\"vc_custom_heading\" ><h2 style=\"text-align: left\" ><\/h2><\/div><\/div><\/div><\/div><div class=\"wpb_column vc_column_container col-sm-9 vc_col-sm-9 col-lg-9 vc_col-lg-9\"><div class=\"vc_column-inner\"><div class=\"wpb_wrapper\"><div class=\"vc_row wpb_row vc_inner vc_custom_1433561568541\"><div class=\"wpb_column vc_column_container col-sm-12 vc_col-sm-12 col-lg-12 vc_col-lg-12\"><div class=\"vc_column-inner\"><div class=\"wpb_wrapper\"><div class=\"wpb_revslider_element wpb_content_element\">\n\t\t\t<!-- START business03new REVOLUTION SLIDER 6.5.21 --><p class=\"rs-p-wp-fix\"><\/p>\n\t\t\t<rs-module-wrap id=\"rev_slider_11_2_wrapper\" data-source=\"gallery\" style=\"visibility:hidden;background:transparent;padding:0;margin:0px auto;margin-top:0;margin-bottom:0;\">\n\t\t\t\t<rs-module id=\"rev_slider_11_2\" style=\"\" data-version=\"6.5.21\">\n\t\t\t\t\t<rs-slides>\n\t\t\t\t\t\t<rs-slide style=\"position: absolute;\" data-key=\"rs-29\" data-title=\"Slide\" data-duration=\"12000\" data-in=\"o:0;\" data-out=\"a:false;\" data-mediafilter=\"gingham\">\n\t\t\t\t\t\t\t<img loading=\"lazy\" decoding=\"async\" src=\"\/\/www.uniplatre.com\/wp-content\/plugins\/revslider\/public\/assets\/assets\/dummy.png\" alt=\"\" title=\"DSC_0016 copy\" width=\"2560\" height=\"611\" class=\"rev-slidebg tp-rs-img rs-lazyload\" data-lazyload=\"\/\/qc-um.com\/uniplatre\/wp-content\/uploads\/2022\/05\/DSC_0016-copy-scaled.jpg\" data-no-retina>\n\t\t\t\t\t\t\t<rs-bgvideo \n\t\t\t\t\t\t\t\tdata-video=\"w:100%;h:100%;nse:false;l:true;ptimer:false;vfc:true;\"\n\t\t\t\t\t\t\t\tdata-mp4=\"\/\/qc-um.com\/uniplatre\/wp-content\/uploads\/2022\/05\/DSC_0015-copy-1-scaled.jpg\"\n\t\t\t\t\t\t\t><\/rs-bgvideo>\n<!--\n\t\t\t\t\t\t\t--><rs-layer\n\t\t\t\t\t\t\t\tid=\"slider-11-slide-29-layer-2\" \n\t\t\t\t\t\t\t\tclass=\"Fashion-BigDisplay\"\n\t\t\t\t\t\t\t\tdata-type=\"text\"\n\t\t\t\t\t\t\t\tdata-color=\"rgba(255, 255, 255, 1)\"\n\t\t\t\t\t\t\t\tdata-tsh=\"c:rgba(0,0,0,0.75);h:5px;b:10px;\"\n\t\t\t\t\t\t\t\tdata-rsp_ch=\"on\"\n\t\t\t\t\t\t\t\tdata-xy=\"x:c;xo:2px,2px,0,0;y:m,m,m,t;yo:48px,48px,40px,310px;\"\n\t\t\t\t\t\t\t\tdata-text=\"w:normal,normal,nowrap,nowrap;s:53,53,55,35;l:50;ls:2px;fw:800,800,700,700;a:center,center,left,left;\"\n\t\t\t\t\t\t\t\tdata-dim=\"w:583px,583px,auto,auto;h:109px,109px,auto,auto;\"\n\t\t\t\t\t\t\t\tdata-frame_0=\"o:1;\"\n\t\t\t\t\t\t\t\tdata-frame_0_chars=\"d:10;y:-100%;o:1;rX:0deg;\"\n\t\t\t\t\t\t\t\tdata-frame_0_mask=\"u:t;\"\n\t\t\t\t\t\t\t\tdata-frame_1=\"st:2630;sp:1500;sR:2630;\"\n\t\t\t\t\t\t\t\tdata-frame_1_chars=\"d:10;\"\n\t\t\t\t\t\t\t\tdata-frame_1_mask=\"u:t;\"\n\t\t\t\t\t\t\t\tdata-frame_999=\"o:0;e:nothing;st:w;sp:1100;sR:6670;\"\n\t\t\t\t\t\t\t\tstyle=\"z-index:6;font-family:'Montserrat';\"\n\t\t\t\t\t\t\t>QUI SOMMES NOUS \n\t\t\t\t\t\t\t<\/rs-layer><!--\n\n\t\t\t\t\t\t\t--><a\n\t\t\t\t\t\t\t\tid=\"slider-11-slide-29-layer-5\" \n\t\t\t\t\t\t\t\tclass=\"rs-layer rev-btn\"\n\t\t\t\t\t\t\t\thref=\"https:\/\/codex-themes.com\/thegem\/\" target=\"_blank\" rel=\"noopener\"\n\t\t\t\t\t\t\t\tdata-type=\"button\"\n\t\t\t\t\t\t\t\tdata-color=\"rgba(59, 233, 255, 1)\"\n\t\t\t\t\t\t\t\tdata-rsp_ch=\"on\"\n\t\t\t\t\t\t\t\tdata-xy=\"x:c;yo:480px,480px,480px,430px;\"\n\t\t\t\t\t\t\t\tdata-text=\"w:normal;s:19;l:19;fw:100;a:center;\"\n\t\t\t\t\t\t\t\tdata-dim=\"w:254px;\"\n\t\t\t\t\t\t\t\tdata-padding=\"t:13;r:35;b:13;l:35;\"\n\t\t\t\t\t\t\t\tdata-border=\"bos:solid;boc:rgba(59, 233, 255, 1);bow:1px,1px,1px,1px;\"\n\t\t\t\t\t\t\t\tdata-frame_0=\"y:-100%;\"\n\t\t\t\t\t\t\t\tdata-frame_0_mask=\"u:t;\"\n\t\t\t\t\t\t\t\tdata-frame_1=\"e:power2.inOut;st:5910;sp:2000;sR:5910;\"\n\t\t\t\t\t\t\t\tdata-frame_1_mask=\"u:t;\"\n\t\t\t\t\t\t\t\tdata-frame_999=\"o:0;e:nothing;st:w;sp:1300;sR:4590;\"\n\t\t\t\t\t\t\t\tdata-frame_hover=\"c:#fff;bgc:#00bcd4;boc:#00bcd4;bor:0px,0px,0px,0px;bos:solid;bow:1px,1px,1px,1px;oX:50;oY:50;sp:1;e:none;\"\n\t\t\t\t\t\t\t\tstyle=\"z-index:9;font-family:'Montserrat UltraLight';text-transform:uppercase;cursor:pointer;outline:none;box-shadow:none;box-sizing:border-box;-moz-box-sizing:border-box;-webkit-box-sizing:border-box;\"\n\t\t\t\t\t\t\t>Explore TheGem \n\t\t\t\t\t\t\t<\/a><!--\n\n\t\t\t\t\t\t\t--><rs-layer\n\t\t\t\t\t\t\t\tid=\"slider-11-slide-29-layer-6\" \n\t\t\t\t\t\t\t\tdata-type=\"text\"\n\t\t\t\t\t\t\t\tdata-color=\"rgba(255, 255, 255, 1)\"\n\t\t\t\t\t\t\t\tdata-rsp_ch=\"on\"\n\t\t\t\t\t\t\t\tdata-xy=\"x:c;xo:9px,9px,9px,0;yo:89px,89px,89px,130px;\"\n\t\t\t\t\t\t\t\tdata-text=\"w:nowrap,nowrap,nowrap,normal;s:30,30,30,22;l:25,25,25,28;ls:5px,5px,5px,0px;fw:700,100,100,100;a:center;\"\n\t\t\t\t\t\t\t\tdata-dim=\"w:551px,551px,551px,422px;h:24px,24px,24px,auto;\"\n\t\t\t\t\t\t\t\tdata-frame_0=\"o:1;\"\n\t\t\t\t\t\t\t\tdata-frame_0_words=\"d:10;y:100%;o:0;rX:0deg;\"\n\t\t\t\t\t\t\t\tdata-frame_0_mask=\"u:t;\"\n\t\t\t\t\t\t\t\tdata-frame_1=\"st:4840;sp:2000;sR:4840;\"\n\t\t\t\t\t\t\t\tdata-frame_1_words=\"dir:random;d:10;\"\n\t\t\t\t\t\t\t\tdata-frame_1_mask=\"u:t;\"\n\t\t\t\t\t\t\t\tdata-frame_999=\"o:0;e:nothing;st:w;sp:500;sR:4660;\"\n\t\t\t\t\t\t\t\tstyle=\"z-index:8;font-family:'Montserrat UltraLight';text-transform:uppercase;\"\n\t\t\t\t\t\t\t>UNIPLATRE.COM \n\t\t\t\t\t\t\t<\/rs-layer><!--\n\n\t\t\t\t\t\t\t--><rs-layer\n\t\t\t\t\t\t\t\tid=\"slider-11-slide-29-layer-9\" \n\t\t\t\t\t\t\t\tclass=\"tp-shape tp-shapewrapper\"\n\t\t\t\t\t\t\t\tdata-type=\"shape\"\n\t\t\t\t\t\t\t\tdata-rsp_ch=\"on\"\n\t\t\t\t\t\t\t\tdata-xy=\"x:c;yo:230px,230px,230px,225px;\"\n\t\t\t\t\t\t\t\tdata-text=\"fw:100;\"\n\t\t\t\t\t\t\t\tdata-dim=\"w:636px,636px,636px,110px;h:10,10,10,1px;\"\n\t\t\t\t\t\t\t\tdata-frame_0=\"y:1011px;rZ:1800deg;\"\n\t\t\t\t\t\t\t\tdata-frame_1=\"st:4040;sp:2000;sR:4040;\"\n\t\t\t\t\t\t\t\tdata-frame_999=\"o:0;e:nothing;st:w;sp:700;sR:5960;\"\n\t\t\t\t\t\t\t\tstyle=\"z-index:7;background-color:rgba(59,233,255,1);\"\n\t\t\t\t\t\t\t> \n\t\t\t\t\t\t\t<\/rs-layer><!--\n-->\t\t\t\t\t\t<\/rs-slide>\n\t\t\t\t\t<\/rs-slides>\n\t\t\t\t<\/rs-module>\n\t\t\t\t<script>\n\t\t\t\t\tsetREVStartSize({c: 'rev_slider_11_2',rl:[1240,1024,778,480],el:[300,670,670,670],gw:[1170,1024,778,480],gh:[300,300,300,300],type:'hero',justify:'',layout:'fullwidth',mh:\"0\"});if (window.RS_MODULES!==undefined && window.RS_MODULES.modules!==undefined && window.RS_MODULES.modules[\"revslider112\"]!==undefined) {window.RS_MODULES.modules[\"revslider112\"].once = false;window.revapi11 = undefined;if (window.RS_MODULES.checkMinimal!==undefined) window.RS_MODULES.checkMinimal()}\n\t\t\t\t<\/script>\n\t\t\t<\/rs-module-wrap>\n\t\t\t<!-- END REVOLUTION SLIDER -->\n<\/div><\/div><\/div><\/div><div class=\"wpb_column vc_column_container col-sm-12 vc_col-sm-12 col-lg-12 vc_col-lg-12\"><div class=\"vc_column-inner\"><div class=\"wpb_wrapper\"><\/div><\/div><\/div><\/div><div class=\"vc_custom_heading heading-title-3\" ><h2 style=\"font-size: 20px;color: #111111;text-align: right\" >Presentation<\/h2><\/div>\n\t<div class=\"wpb_raw_code wpb_content_element wpb_raw_html\" >\n\t\t<div class=\"wpb_wrapper\">\n\t\t\t<a href=\"\" name=\"pre\"><\/a>\n\t\t<\/div>\n\t<\/div>\n\n\t<div class=\"wpb_text_column wpb_content_element \" >\n\t\t<div class=\"wpb_wrapper\">\n\t\t\t<p id=\"tw-target-text\" class=\"tw-data-text tw-text-large tw-ta\" dir=\"ltr\" style=\"text-align: left;\" data-placeholder=\"Translation\">Unipl\u00e2tre est une soci\u00e9t\u00e9 de fabrication de pl\u00e2tre et d\u00e9riv\u00e9s en Tunisie , faisant partie du groupe ATLAS.<\/p>\n<p class=\"tw-data-text tw-text-large tw-ta\" dir=\"ltr\" style=\"text-align: left;\" data-placeholder=\"Translation\">Elle est dot\u00e9e d&rsquo;une ligne de production avec des \u00e9quipements modernes et de technologies respectueuses du milieu de travail.<\/p>\n\n\t\t<\/div>\n\t<\/div>\n\n\t<div class=\"wpb_raw_code wpb_content_element wpb_raw_html\" >\n\t\t<div class=\"wpb_wrapper\">\n\t\t\t<a href=\"\" name=\"sav\"><\/a>\n\t\t<\/div>\n\t<\/div>\n<div class=\"vc_custom_heading heading-title-3 vc_custom_1680360316998\" ><h2 style=\"font-size: 20px;color: #111111;text-align: center\" >SAVOIR FAIRE<\/h2><\/div><div class=\"vc_row wpb_row vc_inner align-center certifications-block\"><div class=\"wpb_column vc_column_container col-sm-12 vc_col-sm-12 col-lg-12 vc_col-lg-12\"><div class=\"vc_column-inner\"><div class=\"wpb_wrapper\">\n\t<div class=\"wpb_text_column wpb_content_element \" >\n\t\t<div class=\"wpb_wrapper\">\n\t\t\t<p style=\"text-align: left;\">Le pl\u00e2tre est un produit naturel sain et durable<br \/>\nLe pl\u00e2tre est un mat\u00e9riau de construction obtenu \u00e0 partir d&rsquo;une roche appel\u00e9e gypse, un min\u00e9ral essentiellement compos\u00e9 de sulfate de calcium hydrat\u00e9.<br \/>\nLa fabrication est r\u00e9alis\u00e9e par concassage et broyage de la roche , la poudre fine est ensuite cuite dans un four op\u00e9rant une cuisson indirecte, c&rsquo;est durant cette op\u00e9ration que le gypse devient du pl\u00e2tre il se pr\u00e9sente alors sous la forme d&rsquo;une poudre\u00a0 tr\u00e8s fine qui ne demande qu&rsquo;\u00e0 se r\u00e9hydrater ,il est ensuite emball\u00e9 dans des sacs de 40 kg ,mis sur palette et livr\u00e9 \u00e0 nos diff\u00e9rents clients sur le march\u00e9 local et export<\/p>\n\n\t\t<\/div>\n\t<\/div>\n<\/div><\/div><\/div><\/div><\/div><\/div><\/div><div class=\"wpb_column vc_column_container col-sm-12 vc_col-sm-12 col-lg-12 vc_col-lg-12\"><div class=\"vc_column-inner\"><div class=\"wpb_wrapper\"><div class=\"vc_row wpb_row vc_inner\"><div class=\"wpb_column vc_column_container col-sm-12 vc_col-sm-12 col-lg-12 vc_col-lg-12\"><div class=\"vc_column-inner\"><div class=\"wpb_wrapper\"><\/div><\/div><\/div><\/div><\/div><\/div><\/div><\/div><\/div><\/div><\/div><div  class=\"vc_row wpb_row   \" style=\"\"><div class=\" boxed\"><div class=\"container\"><div class=\"vc_row\"><div class=\"wpb_column vc_column_container col-sm-12 vc_col-sm-12 col-lg-12 vc_col-lg-12\"><div class=\"vc_column-inner\"><div class=\"wpb_wrapper\"><\/div><\/div><\/div><\/div><\/div><\/div><\/div>\n","protected":false},"excerpt":{"rendered":"QUI SOMMES NOUS PRESENTATION Savoir faire QUI SOMMES NOUS Explore TheGem UNIPLATRE.COM Presentation Unipl\u00e2tre est une soci\u00e9t\u00e9 de fabrication de pl\u00e2tre et d\u00e9riv\u00e9s en Tunisie , faisant partie du groupe ATLAS. Elle est dot\u00e9e d'une ligne de production avec des \u00e9quipements modernes et de technologies respectueuses du milieu de travail. SAVOIR FAIRE Le pl\u00e2tre est [...]","protected":false},"author":1,"featured_media":0,"parent":0,"menu_order":0,"comment_status":"closed","ping_status":"closed","template":"","meta":{"footnotes":""},"class_list":["post-61","page","type-page","status-publish","hentry"],"_links":{"self":[{"href":"https:\/\/www.uniplatre.com\/fr\/wp-json\/wp\/v2\/pages\/61"}],"collection":[{"href":"https:\/\/www.uniplatre.com\/fr\/wp-json\/wp\/v2\/pages"}],"about":[{"href":"https:\/\/www.uniplatre.com\/fr\/wp-json\/wp\/v2\/types\/page"}],"author":[{"embeddable":true,"href":"https:\/\/www.uniplatre.com\/fr\/wp-json\/wp\/v2\/users\/1"}],"replies":[{"embeddable":true,"href":"https:\/\/www.uniplatre.com\/fr\/wp-json\/wp\/v2\/comments?post=61"}],"version-history":[{"count":59,"href":"https:\/\/www.uniplatre.com\/fr\/wp-json\/wp\/v2\/pages\/61\/revisions"}],"predecessor-version":[{"id":76489,"href":"https:\/\/www.uniplatre.com\/fr\/wp-json\/wp\/v2\/pages\/61\/revisions\/76489"}],"wp:attachment":[{"href":"https:\/\/www.uniplatre.com\/fr\/wp-json\/wp\/v2\/media?parent=61"}],"curies":[{"name":"wp","href":"https:\/\/api.w.org\/{rel}","templated":true}]}}