{"id":75799,"date":"2022-07-01T15:40:45","date_gmt":"2022-07-01T14:40:45","guid":{"rendered":"https:\/\/qc-um.com\/uniplatre\/?page_id=75799"},"modified":"2023-04-13T13:32:43","modified_gmt":"2023-04-13T12:32:43","slug":"staff-deco-s90","status":"publish","type":"page","link":"https:\/\/www.uniplatre.com\/ar\/staff-deco-s90\/","title":{"rendered":"STAFF DECO S90"},"content":{"rendered":"<div  class=\"vc_row wpb_row  vc_custom_1433564201242\" style=\"\"><div class=\"boxed\"><div class=\"container\"><div class=\"vc_row\"><div class=\"wpb_column vc_column_container col-sm-2 vc_col-sm-2 col-lg-2 vc_col-lg-2\"><div class=\"vc_column-inner\"><div class=\"wpb_wrapper\"><\/div><\/div><\/div><div class=\"wpb_column vc_column_container col-sm-10 vc_col-sm-10 col-lg-10 vc_col-lg-10\"><div class=\"vc_column-inner\"><div class=\"wpb_wrapper\"><div class=\"vc_row wpb_row vc_inner vc_custom_1681383677086 vc_row-has-fill\"><div class=\"wpb_column vc_column_container col-sm-12 vc_col-sm-12 col-lg-12 vc_col-lg-12\"><div class=\"vc_column-inner\"><div class=\"wpb_wrapper\">\n\t<div class=\"wpb_raw_code wpb_content_element wpb_raw_html\" >\n\t\t<div class=\"wpb_wrapper\">\n\t\t\t<h1 class=\"big_titre\">\u062c\u0635 \u0639\u0627\u0644\u064a \u0627\u0644\u0646\u0639\u0648\u0645\u0629 \u0648 \u0627\u0644\u0628\u064a\u0627\u0636 \u0645\u0646 \u062d\u062c\u0631 \u0627\u0644\u062c\u0628\u0633 \u0627\u0644\u0637\u0628\u064a\u0639\u064a<\/h1>\n\t\t<\/div>\n\t<\/div>\n<\/div><\/div><\/div><\/div><div class=\"vc_empty_space\"   style=\"height: 32px\"><span class=\"vc_empty_space_inner\"><\/span><\/div><div class=\"vc_row wpb_row vc_inner vc_custom_1681389131492 vc_row-has-fill\"><div class=\"wpb_column vc_column_container col-sm-3 vc_col-sm-3 col-lg-3 vc_col-lg-3\"><div class=\"vc_column-inner\"><div class=\"wpb_wrapper\">\n\t<div class=\"wpb_raw_code wpb_content_element wpb_raw_html\" >\n\t\t<div class=\"wpb_wrapper\">\n\t\t\t<p class=\"hometowns\">STAFF DECO S90<\/p>\n\n\t\t<\/div>\n\t<\/div>\n\n\t<div  class=\"wpb_single_image wpb_content_element vc_align_center\">\n\t\t\n\t\t<figure class=\"wpb_wrapper vc_figure\">\n\t\t\t<a class=\"\" data-lightbox=\"lightbox[rel-75799-198778502]\" href=\"https:\/\/www.uniplatre.com\/wp-content\/uploads\/2022\/05\/bag22-1.png\" target=\"_self\"><img loading=\"lazy\" decoding=\"async\" width=\"300\" height=\"300\" src=\"https:\/\/www.uniplatre.com\/wp-content\/uploads\/2022\/05\/bag22-1-300x300.png\" class=\"vc_single_image-img attachment-medium\" alt=\"CONTINENTAL U90\" title=\"CONTINENTAL U90\" srcset=\"https:\/\/www.uniplatre.com\/wp-content\/uploads\/2022\/05\/bag22-1-300x300.png 300w, https:\/\/www.uniplatre.com\/wp-content\/uploads\/2022\/05\/bag22-1-150x150.png 150w, https:\/\/www.uniplatre.com\/wp-content\/uploads\/2022\/05\/bag22-1-100x100.png 100w, https:\/\/www.uniplatre.com\/wp-content\/uploads\/2022\/05\/bag22-1-12x12.png 12w, https:\/\/www.uniplatre.com\/wp-content\/uploads\/2022\/05\/bag22-1.png 500w\" sizes=\"(max-width: 300px) 100vw, 300px\" \/><\/a>\n\t\t<\/figure>\n\t<\/div>\n<\/div><\/div><\/div><div class=\"wpb_column vc_column_container col-sm-3 vc_col-sm-3 col-lg-3 vc_col-lg-3\"><div class=\"vc_column-inner\"><div class=\"wpb_wrapper\">\n\t<div class=\"wpb_raw_code wpb_content_element wpb_raw_html\" >\n\t\t<div class=\"wpb_wrapper\">\n\t\t\t<p class=\"hometowns\">\u062e\u0635\u0627\u0626\u0635 \u0627\u0644\u0645\u0646\u062a\u062c <\/p>\n\n\n<ul class=\"bred\">\n  <li>\u0646\u0627\u0635\u0639 \u0627\u0644\u0628\u064a\u0627\u0636<\/li>\n  <li>\u0639\u0627\u0644\u064a \u0627\u0644\u0646\u0642\u0627\u0621<\/li>\n  <li>\u0639\u0627\u0644\u064a \u0627\u0644\u062c\u0648\u062f\u0629<\/li>\n<\/ul>\n\t\t<\/div>\n\t<\/div>\n<\/div><\/div><\/div><div class=\"wpb_column vc_column_container col-sm-3 vc_col-sm-3 col-lg-3 vc_col-lg-3\"><div class=\"vc_column-inner\"><div class=\"wpb_wrapper\">\n\t<div class=\"wpb_raw_code wpb_content_element wpb_raw_html\" >\n\t\t<div class=\"wpb_wrapper\">\n\t\t\t<p class=\"hometowns\">\u0645\u062c\u0627\u0644 \u0627\u0644\u0625\u0633\u062a\u062e\u062f\u0627\u0645 <\/p>\n\n\n<ul class=\"bred\">\n  <li>\u0625\u0646\u062a\u0627\u062c \u0648\u062a\u062b\u0628\u064a\u062a \u0627\u0644\u0639\u0646\u0627\u0635\u0631 \u0627\u0644\u0632\u062e\u0631\u0641\u064a\u0629 \u0648\u0627\u0644\u062f\u064a\u0643\u0648\u0631\u0627\u062a \u0627\u0644\u062c\u0628\u0633\u064a\u0629 \u0644\u0644\u0623\u0633\u0642\u0641<\/li>\n  <li>\u064a\u0633\u062a\u062e\u062f\u0645 \u0641\u064a \u062a\u0639\u0628\u0626\u0629 \u0627\u0644\u0641\u0648\u0627\u0635\u0644 \u0628\u064a\u0646 \u0623\u0633\u0642\u0641 \u0627\u0644\u062c\u0628\u0633\u064a\u0633\u062a\u062e\u062f\u0645 \u0641\u064a \u062a\u0639\u0628\u0626\u0629 \u0627\u0644\u0641\u0648\u0627\u0635\u0644 \u0628\u064a\u0646 \u0623\u0633\u0642\u0641 \u0627\u0644\u062c\u0628\u0633<\/li>\n  <li>\u0635\u0646\u0627\u0639\u0629 \u0642\u0648\u0627\u0644\u0628 \u0627\u0644\u062c\u0635 \u0622\u0644\u062e\u0627\u0635\u0629 \u0628\u0627\u0644\u0632\u062e\u0631\u0641\u0629<\/li>\n<\/ul>\n\n\n\t\t<\/div>\n\t<\/div>\n<\/div><\/div><\/div><div class=\"wpb_column vc_column_container col-sm-1 vc_col-sm-1 col-lg-1 vc_col-lg-1\/5\"><div class=\"vc_column-inner\"><div class=\"wpb_wrapper\">\n\t<div  class=\"wpb_single_image wpb_content_element vc_align_left\">\n\t\t\n\t\t<figure class=\"wpb_wrapper vc_figure\">\n\t\t\t<div class=\"vc_single_image-wrapper   vc_box_border_grey\"><img loading=\"lazy\" decoding=\"async\" width=\"150\" height=\"150\" src=\"https:\/\/www.uniplatre.com\/wp-content\/uploads\/2023\/04\/ar-s-1.png\" class=\"vc_single_image-img attachment-thumbnail\" alt=\"uniplatre_qualit\u00e9\" title=\"uniplatre_qualit\u00e9\" srcset=\"https:\/\/www.uniplatre.com\/wp-content\/uploads\/2023\/04\/ar-s-1.png 550w, https:\/\/www.uniplatre.com\/wp-content\/uploads\/2023\/04\/ar-s-1-300x273.png 300w, https:\/\/www.uniplatre.com\/wp-content\/uploads\/2023\/04\/ar-s-1-13x12.png 13w\" sizes=\"(max-width: 150px) 100vw, 150px\" \/><\/div>\n\t\t<\/figure>\n\t<\/div>\n<\/div><\/div><\/div><\/div><div class=\"vc_row wpb_row vc_inner align-center certifications-block vc_custom_1681384077685 vc_row-has-fill\"><div class=\"wpb_column vc_column_container col-sm-3 vc_col-sm-3 col-lg-3 vc_col-lg-3\/5\"><div class=\"vc_column-inner\"><div class=\"wpb_wrapper\"><div class=\"vc_custom_heading heading-title-3\" ><h2 style=\"font-size: 20px;color: #111111;text-align: left\" >\u0627\u0644\u0628\u064a\u0627\u0646\u0627\u062a \u0627\u0644\u0641\u0646\u064a\u0629 STAFFDECO S90<\/h2><\/div><\/div><\/div><\/div><div class=\"wpb_column vc_column_container col-sm-2 vc_col-sm-2 col-lg-2 vc_col-lg-2\/5\"><div class=\"vc_column-inner\"><div class=\"wpb_wrapper\"><div class=\"vc_btn3-container vc_btn3-inline\" ><a class=\"vc_general vc_btn3 vc_btn3-size-md vc_btn3-shape-rounded vc_btn3-style-modern vc_btn3-color-peacoc\" href=\"https:\/\/www.uniplatre.com\/Fiches-techniques\/ar\/STAFF-DECO-S90.pdf\" title=\"\" target=\"_blank\">\u0627\u0644\u0628\u064a\u0627\u0646\u0627\u062a \u0627\u0644\u0641\u0646\u064a\u0629<\/a><\/div><\/div><\/div><\/div><\/div><\/div><\/div><\/div><\/div><\/div><\/div><\/div>","protected":false},"excerpt":{"rendered":"Pl\u00e2tre blanc semi-hydrat\u00e9 de haute puret\u00e9 STAFF DECO S90 Caract\u00e9ristiques du produit Extra Blanc Haute Puret\u00e9 Fin Domaine d'utilisation Production et fixation d'\u00e9l\u00e9ments d\u00e9coratifs pour staff. Jointoiement des \u00e9l\u00e9ments en pl\u00e2tre sur chantiers. Fabrication des moules pour staff d\u00e9coratif. Fiche Technique STAFFDECO S90fiche technique","protected":false},"author":1,"featured_media":0,"parent":0,"menu_order":0,"comment_status":"closed","ping_status":"closed","template":"","meta":{"footnotes":""},"class_list":["post-75799","page","type-page","status-publish","hentry"],"_links":{"self":[{"href":"https:\/\/www.uniplatre.com\/ar\/wp-json\/wp\/v2\/pages\/75799"}],"collection":[{"href":"https:\/\/www.uniplatre.com\/ar\/wp-json\/wp\/v2\/pages"}],"about":[{"href":"https:\/\/www.uniplatre.com\/ar\/wp-json\/wp\/v2\/types\/page"}],"author":[{"embeddable":true,"href":"https:\/\/www.uniplatre.com\/ar\/wp-json\/wp\/v2\/users\/1"}],"replies":[{"embeddable":true,"href":"https:\/\/www.uniplatre.com\/ar\/wp-json\/wp\/v2\/comments?post=75799"}],"version-history":[{"count":26,"href":"https:\/\/www.uniplatre.com\/ar\/wp-json\/wp\/v2\/pages\/75799\/revisions"}],"predecessor-version":[{"id":76467,"href":"https:\/\/www.uniplatre.com\/ar\/wp-json\/wp\/v2\/pages\/75799\/revisions\/76467"}],"wp:attachment":[{"href":"https:\/\/www.uniplatre.com\/ar\/wp-json\/wp\/v2\/media?parent=75799"}],"curies":[{"name":"wp","href":"https:\/\/api.w.org\/{rel}","templated":true}]}}