{"id":73910,"date":"2015-05-25T16:56:55","date_gmt":"2015-05-25T09:56:55","guid":{"rendered":"https:\/\/structure.thememove.com\/?page_id=73910"},"modified":"2022-10-15T08:49:10","modified_gmt":"2022-10-15T07:49:10","slug":"reglementation","status":"publish","type":"page","link":"https:\/\/www.uniplatre.com\/ar\/reglementation\/","title":{"rendered":"\u0627\u0644\u0645\u0648\u0627\u0635\u0641\u0627\u062a"},"content":{"rendered":"<div  class=\"vc_row wpb_row  vc_custom_1433564506232\" style=\"\"><div class=\"boxed\"><div class=\"container\"><div class=\"vc_row\"><div class=\"wpb_column vc_column_container col-sm-3 vc_col-sm-3 col-lg-3 vc_col-lg-3\"><div class=\"vc_column-inner\"><div class=\"wpb_wrapper\">\n\t<div class=\"wpb_text_column wpb_content_element\" >\n\t\t<div class=\"wpb_wrapper\">\n\t\t\t<div  class=\"wpb_widgetised_column wpb_content_element\">\n\t\t<div class=\"wpb_wrapper\">\n\t\t\t\n\t\t\t<aside id=\"better-menu-widget-4\" class=\"widget better-menu-widget\"><div class=\"menu-about-menu-container\"><ul id=\"menu-about-menu\" class=\"menu\"><li id=\"menu-item-75405\" class=\"menu-item menu-item-type-post_type menu-item-object-page menu-item-75405\"><a href=\"https:\/\/www.uniplatre.com\/ar\/presentation\/\">\u0645\u0646 \u0646\u062d\u0646<\/a><\/li>\n<li id=\"menu-item-75844\" class=\"menu-item menu-item-type-custom menu-item-object-custom menu-item-75844\"><a href=\"#pre\">\u0639\u0646 \u0627\u0644\u0645\u0624\u0633\u0633\u0629<\/a><\/li>\n<li id=\"menu-item-76038\" class=\"menu-item menu-item-type-custom menu-item-object-custom menu-item-76038\"><a href=\"#sav\">\u0635\u0646\u0640\u0627\u0639\u0629 \u0627\u0644\u062c\u0628\u0640\u0640\u0633<\/a><\/li>\n<\/ul><\/div><\/aside>\n\t\t<\/div>\n\t<\/div>\n\n\n\t\t<\/div>\n\t<\/div>\n<\/div><\/div><\/div><div class=\"wpb_column vc_column_container col-sm-9 vc_col-sm-9 col-lg-9 vc_col-lg-9\"><div class=\"vc_column-inner\"><div class=\"wpb_wrapper\"><div class=\"vc_row wpb_row vc_inner vc_custom_1433562831360\"><div class=\"wpb_column vc_column_container col-sm-12 vc_col-sm-12 col-lg-12 vc_col-lg-12\"><div class=\"vc_column-inner\"><div class=\"wpb_wrapper\">\n\t<div  class=\"wpb_single_image wpb_content_element vc_align_left\">\n\t\t\n\t\t<figure class=\"wpb_wrapper vc_figure\">\n\t\t\t<div class=\"vc_single_image-wrapper   vc_box_border_grey\"><img loading=\"lazy\" decoding=\"async\" width=\"1748\" height=\"642\" src=\"https:\/\/www.uniplatre.com\/wp-content\/uploads\/2022\/05\/16-e1566382394534.jpg\" class=\"vc_single_image-img attachment-full\" alt=\"\" title=\"16-e1566382394534\" srcset=\"https:\/\/www.uniplatre.com\/wp-content\/uploads\/2022\/05\/16-e1566382394534.jpg 1748w, https:\/\/www.uniplatre.com\/wp-content\/uploads\/2022\/05\/16-e1566382394534-300x110.jpg 300w, https:\/\/www.uniplatre.com\/wp-content\/uploads\/2022\/05\/16-e1566382394534-1024x376.jpg 1024w, https:\/\/www.uniplatre.com\/wp-content\/uploads\/2022\/05\/16-e1566382394534-768x282.jpg 768w, https:\/\/www.uniplatre.com\/wp-content\/uploads\/2022\/05\/16-e1566382394534-1536x564.jpg 1536w, https:\/\/www.uniplatre.com\/wp-content\/uploads\/2022\/05\/16-e1566382394534-600x220.jpg 600w, https:\/\/www.uniplatre.com\/wp-content\/uploads\/2022\/05\/16-e1566382394534-18x7.jpg 18w\" sizes=\"(max-width: 1748px) 100vw, 1748px\" \/><\/div>\n\t\t<\/figure>\n\t<\/div>\n<\/div><\/div><\/div><\/div><div class=\"vc_custom_heading heading-title-3\" ><h2 style=\"color: #111111;text-align: left\" >\u0627\u0644\u0646\u0635\u0648\u0635 \u0627\u0644\u062a\u0646\u0638\u064a\u0645\u064a\u0629 \u0648 \u0627\u0644\u0645\u0639\u0627\u064a\u064a\u0631  DTU<\/h2><\/div>\n\t<div class=\"wpb_text_column wpb_content_element\" >\n\t\t<div class=\"wpb_wrapper\">\n\t\t\t<h3><strong>NT 47.66-1<\/strong><\/h3>\n<p>\u062a\u062d\u062f\u062f \u0647\u0630\u0647 \u0627\u0644\u0645\u0648\u0627\u0635\u0641\u0629 \u0627\u0644\u0642\u064a\u0627\u0633\u064a\u0629 \u062e\u0635\u0627\u0626\u0635 \u0648\u0623\u062f\u0627\u0621 \u0645\u0646\u062a\u062c\u0627\u062a \u0627\u0644\u0645\u0633\u062d\u0648\u0642 \u0628\u0646\u0627\u0621 \u0639\u0644\u0649 \u0645\u0648\u0627\u062f \u0631\u0627\u0628\u0637\u0629 \u0627\u0644\u062c\u0628\u0633 \u0627\u0644\u0645\u0633\u062a\u062e\u062f\u0645\u0629 \u0641\u064a \u0635\u0646\u0627\u0639\u0629 \u0627\u0644\u0628\u0646\u0627\u0621. \u0648\u0634\u0645\u0644\u062a \u0627\u0644\u0644\u0635\u0642\u0627\u062a \u0627\u0644\u0628\u0646\u0627\u0621 \u0642\u0628\u0644 \u0645\u062e\u062a\u0644\u0637\u0629 \u062a\u0633\u062a\u062e\u062f\u0645 \u0643\u0627\u0644\u0644\u0635\u0642\u0627\u062a \u0639\u0644\u0649 \u0627\u0644\u062c\u062f\u0631\u0627\u0646 \u0648\u0627\u0644\u0633\u0642\u0648\u0641 \u062f\u0627\u062e\u0644 \u0627\u0644\u0645\u0628\u0627\u0646\u064a \u060c \u0648\u062a\u0637\u0628\u064a\u0642\u0647\u0627 \u0643\u0646\u0647\u0627\u064a\u0629 \u0645\u0646\u0627\u0633\u0628\u0629 \u0644\u0644\u0632\u064a\u0646\u0629. \u062a\u0645 \u062a\u0635\u0645\u064a\u0645 \u0647\u0630\u0647 \u0627\u0644\u0645\u0646\u062a\u062c\u0627\u062a \u062e\u0635\u064a\u0635\u0627 \u0644\u062a\u0644\u0628\u064a\u0629 \u0645\u062a\u0637\u0644\u0628\u0627\u062a \u0627\u0644\u0627\u0633\u062a\u062e\u062f\u0627\u0645 \u0645\u0646 \u062e\u0644\u0627\u0644 \u0625\u0636\u0627\u0641\u0629 \u0627\u0644\u0645\u0648\u0627\u062f \u0627\u0644\u0645\u0636\u0627\u0641\u0629 \/ \u0627\u0644\u0645\u0648\u0627\u062f \u0627\u0644\u0645\u0633\u0627\u0639\u062f\u0629 \u0648\u0627\u0644\u0631\u0643\u0627\u0645 \u0648\u0627\u0644\u0645\u0648\u0627\u062f \u0627\u0644\u0644\u0627\u0635\u0642\u0629 \u0627\u0644\u0623\u062e\u0631\u0649. \u064a\u063a\u0637\u064a \u0627\u0644\u0645\u0639\u064a\u0627\u0631 \u0627\u0644\u0644\u0635\u0642\u0627\u062a \u0627\u0644\u0625\u0646\u0634\u0627\u0626\u064a\u0629 \u0648\u0627\u0644\u0637\u0644\u0627\u0621 \u0627\u0644\u0642\u0627\u0626\u0645 \u0639\u0644\u0649 \u0627\u0644\u062c\u0635 \u0644\u0644\u062a\u0637\u0628\u064a\u0642\u0627\u062a \u0627\u0644\u064a\u062f\u0648\u064a\u0629 \u0648\u0627\u0644\u0645\u064a\u0643\u0627\u0646\u064a\u0643\u064a\u0629. \u062a\u0646\u0637\u0628\u0642 \u0647\u0630\u0647 \u0627\u0644\u0645\u0648\u0627\u0635\u0641\u0629 \u0627\u0644\u0642\u064a\u0627\u0633\u064a\u0629 \u0623\u064a\u0636\u0627 \u0639\u0644\u0649 \u0627\u0644\u0645\u062c\u0644\u062f\u0627\u062a \u0627\u0644\u0642\u0627\u0626\u0645\u0629 \u0639\u0644\u0649 \u0627\u0644\u062c\u0628\u0633 \u0627\u0644\u0645\u0639\u062f\u0629 \u0644\u0644\u0627\u0633\u062a\u062e\u062f\u0627\u0645 \u0627\u0644\u0645\u0628\u0627\u0634\u0631 \u0641\u064a \u0627\u0644\u0645\u0648\u0642\u0639 \u0648\u0644\u0644\u0645\u0639\u0627\u0644\u062c\u0629 \u0627\u0644\u0644\u0627\u062d\u0642\u0629 \u0641\u064a \u0627\u0644\u0628\u0644\u0627\u0637 \u0648\u0627\u0644\u0644\u0648\u062d \u0627\u0644\u062c\u0635\u064a \u0648\u0645\u0648\u0627\u062f \u0627\u0644\u0645\u0648\u0638\u0641\u064a\u0646 \u0648\u0639\u0646\u0627\u0635\u0631 \u0633\u0642\u0641 \u0627\u0644\u0644\u0648\u062d \u0627\u0644\u062c\u0635\u064a. \u064a\u062a\u0645 \u062a\u0636\u0645\u064a\u0646 \u0627\u0644\u062c\u0635 \u0627\u0644\u0637\u0648\u0628 \u0623\u064a\u0636\u0627.<\/p>\n\n\t\t<\/div>\n\t<\/div>\n<\/div><\/div><\/div><\/div><\/div><\/div><\/div>","protected":false},"excerpt":{"rendered":"QUI SOMMES NOUS PRESENTATION Savoir faire NORMES DTU ET TEXTES R\u00c9GLEMENTAIRES NT 47.66-1 Cette pr\u00e9sente norme sp\u00e9cifie les caract\u00e9ristiques et les performances des produits en poudre \u00e0 base de liants pl\u00e2tre utilis\u00e9s dans le domaine du b\u00e2timent. Sont inclus les pl\u00e2tres de construction pr\u00e9 m\u00e9lang\u00e9s utilis\u00e9s comme enduits sur les murs et plafonds \u00e0 l\u2019int\u00e9rieur [...]","protected":false},"author":1,"featured_media":0,"parent":0,"menu_order":0,"comment_status":"closed","ping_status":"closed","template":"","meta":{"footnotes":""},"class_list":["post-73910","page","type-page","status-publish","hentry"],"_links":{"self":[{"href":"https:\/\/www.uniplatre.com\/ar\/wp-json\/wp\/v2\/pages\/73910"}],"collection":[{"href":"https:\/\/www.uniplatre.com\/ar\/wp-json\/wp\/v2\/pages"}],"about":[{"href":"https:\/\/www.uniplatre.com\/ar\/wp-json\/wp\/v2\/types\/page"}],"author":[{"embeddable":true,"href":"https:\/\/www.uniplatre.com\/ar\/wp-json\/wp\/v2\/users\/1"}],"replies":[{"embeddable":true,"href":"https:\/\/www.uniplatre.com\/ar\/wp-json\/wp\/v2\/comments?post=73910"}],"version-history":[{"count":3,"href":"https:\/\/www.uniplatre.com\/ar\/wp-json\/wp\/v2\/pages\/73910\/revisions"}],"predecessor-version":[{"id":75645,"href":"https:\/\/www.uniplatre.com\/ar\/wp-json\/wp\/v2\/pages\/73910\/revisions\/75645"}],"wp:attachment":[{"href":"https:\/\/www.uniplatre.com\/ar\/wp-json\/wp\/v2\/media?parent=73910"}],"curies":[{"name":"wp","href":"https:\/\/api.w.org\/{rel}","templated":true}]}}